{"id":1532,"date":"2023-05-15T13:22:15","date_gmt":"2023-05-15T11:22:15","guid":{"rendered":"https:\/\/shufani.a108340f.sagross.zone\/?page_id=1532"},"modified":"2023-06-08T14:36:01","modified_gmt":"2023-06-08T12:36:01","slug":"agb","status":"publish","type":"page","link":"https:\/\/shufani.de\/en\/agb\/","title":{"rendered":"GTC"},"content":{"rendered":"<section class=\"section page-top-spacer\" id=\"section_332514001\">\n\t\t<div class=\"section-bg fill\" >\n\t\t\t\t\t\t\t\t\t\n\t\t\t\n\n\t\t<\/div>\n\n\t\t\n\n\t\t<div class=\"section-content relative\">\n\t\t\t\n<div class=\"row\"  id=\"row-1281602945\">\n\n\t<div id=\"col-2111212441\" class=\"col small-12 large-12\"  >\n\t\t\t\t<div class=\"col-inner\"  >\n\t\t\t\n\t\t\t\n<p><strong><u>Allgemeine Gesch\u00e4ftsbedingungen <\/u><\/strong><\/p>\n<p><strong><u>f\u00fcr die Lieferung und Montage von Maschinen sowie die Ausf\u00fchrung von Reparatur- und Wartungsarbeiten an Maschinen und Anlagen der Firma<\/u><\/strong><\/p>\n<p><strong><u>Dr. Shufani GmbH &amp; Co. KG \u2013 Stand 03.2023<\/u><\/strong><\/p>\n<ol>\n<li><strong> Allgemeines \u2013 Geltungsbereich<\/strong><\/li>\n<\/ol>\n<p>Unsere Allgemeinen Gesch\u00e4ftsbedingungen f\u00fcr die Lieferung und Montage von Maschinen sowie die Ausf\u00fchrung von Reparatur- und Wartungsarbeiten an Maschinen und Anlagen gelten ausschlie\u00dflich; entgegenstehende oder von unseren Gesch\u00e4ftsbedingungen abweichende Bedingungen des Bestellers erkennen wir nicht an, es sei denn, wir h\u00e4tten ausdr\u00fccklich schriftlich ihrer Geltung zugestimmt. Unsere Allgemeinen Gesch\u00e4ftsbedingungen gelten auch dann, wenn wir in Kenntnis entgegenstehender oder von unseren Gesch\u00e4ftsbedingungen abweichender Bedingungen des Bestellers die Lieferung, Montage oder Reparatur vorbehaltlos ausf\u00fchren.<\/p>\n<p>Alle Vereinbarungen, die zwischen uns und dem Besteller zwecks Ausf\u00fchrung des Vertrages getroffen werden, sind in diesem Vertrag schriftlich niederzulegen.<\/p>\n<p>Unsere Allgemeinen Gesch\u00e4ftsbedingungen f\u00fcr die Lieferung und Montage von Maschinen sowie die Ausf\u00fchrung von Reparatur- und Wartungsarbeiten an Maschinen und Anlagen gelten auch f\u00fcr alle k\u00fcnftigen Gesch\u00e4fte mit dem Besteller.<\/p>\n<ol>\n<li><strong> Geltung der VDMA-Bedingungen<\/strong><\/li>\n<\/ol>\n<p>F\u00fcr die Lieferung und Montage von Maschinen sowie die Ausf\u00fchrung von Reparatur- und Wartungsarbeiten an Maschinen und Anlagen durch uns gelten die jeweiligen Verbandsempfehlungen des Verbandes Deutscher Maschinen- und Anlagenbau e.V. (VDMA) in ihrer jeweils geltenden Fassung als vereinbart, und zwar nach folgender Ma\u00dfgabe:<\/p>\n<ul>\n<li>F\u00fcr die Lieferung von Maschinen und Anlagen durch uns gelten die &#8222;Allgemeinen Bedingungen f\u00fcr die Lieferung von Maschinen f\u00fcr Inlandsgesch\u00e4fte&#8220;,<\/li>\n<li>F\u00fcr die Montage von Maschinen und Anlagen durch uns gelten die &#8222;Allgemeinen Bedingungen des Maschinenbaus f\u00fcr Montagen im Inland&#8220;,<\/li>\n<li>F\u00fcr die Reparatur von Maschinen und Anlagen durch uns gelten die &#8222;Allgemeinen Bedingungen f\u00fcr Reparaturen an Maschinen und Anlagen f\u00fcr Inlandsgesch\u00e4fte&#8220;.<\/li>\n<\/ul>\n<p><strong>III. Erg\u00e4nzende Bestimmungen<\/strong><\/p>\n<p>Erg\u00e4nzend und in teilweiser Ab\u00e4nderung der vorstehenden genannten VDMA-Bedingungen gelten folgende Regelungen:<\/p>\n<ol>\n<li><strong> Zahlungsbedingungen<\/strong><\/li>\n<\/ol>\n<p>Die jeweils geltenden Zahlungsbedingungen sind in den Angeboten sowie den Auftragsbest\u00e4tigungen festgehalten.<\/p>\n<ol start=\"2\">\n<li><strong> Eigentumsvorbehalt<\/strong><\/li>\n<\/ol>\n<p>Wir behalten uns das Eigentum an dem Liefergegenstand bis zum Eingang aller Zahlungen aus der Gesch\u00e4ftsverbindung mit dem Besteller vor. Der Eigentumsvorbehalt erstreckt sich auch auf den anerkannten Saldo, soweit wir Forderungen gegen\u00fcber dem Besteller in laufende Rechnung buchen (Kontokorrent-Vorbehalt).<\/p>\n<ol start=\"3\">\n<li><strong> Entw\u00fcrfe und Konstruktionen<\/strong><\/li>\n<\/ol>\n<p>Zeichnungen, Modelle, Schablonen etc. bleiben unser ausschlie\u00dfliches Eigentum. Sie werden nur zu dem vereinbarten Zweck anvertraut und d\u00fcrfen zu keinem anderen Zweck verwendet werden. Kopien oder sonstige Vervielf\u00e4ltigungen einschlie\u00dflich der Speicherung, Verarbeitung oder Verbreitung unter Verwendung elektronischer Systeme d\u00fcrfen nur zu dem vereinbarten Zweck angefertigt werden. Weder Originale noch Vervielf\u00e4ltigungen d\u00fcrfen Dritten ausgeh\u00e4ndigt oder in sonstiger Weise zug\u00e4nglich gemacht werden.<\/p>\n<ol start=\"4\">\n<li><strong> Lieferzeiten<\/strong><\/li>\n<\/ol>\n<p>Die in den Angeboten angegebenen Lieferzeiten sind zum Zeitpunkt der Angebotserstellung realistische Einsch\u00e4tzungen. Sie gelten unter Vorbehalt anderer eingehender Auftr\u00e4ge. Die Reihenfolge der Auftragsbearbeitung ist ma\u00dfgeblich durch den Auftrags- und Anzahlungseingang bestimmt. Nach Auftragseingang wird der Auftrag in den Produktionsplan eingetaktet und in der Auftragsbest\u00e4tigung wird der Liefertermin dann genauer bestimmt. Nichtsdestotrotz k\u00f6nnten Verschiebungen des Liefertermins bei einem unvorhersehbaren Ausfall von Personal, Produktionsmaschinen oder durch Lieferverz\u00f6gerungen des Zulieferers entstehen.<\/p>\n<ol start=\"5\">\n<li><strong> Software<\/strong><\/li>\n<\/ol>\n<p>Die Rechte an der Software, die in unseren Produkten enthalten ist, verbleiben bei uns. Wir gew\u00e4hren dem Besteller das Recht, die Software in Verbindung mit dem erworbenen Produkt zu nutzen. Jede dar\u00fcberhinausgehende Nutzung sowie das Kopieren, Weitergeben oder Ver\u00e4ndern der Software ist verboten und wird strafrechtlich verfolgt.<\/p>\n<ol start=\"6\">\n<li><strong> Storno<\/strong><\/li>\n<\/ol>\n<p>Bei einem Storno des Kunden sind wir berechtigt, unbeschadet der Geltendmachung eines dar\u00fcberhinausgehenden Schadenersatzes eine Stornogeb\u00fchr von 15%, bei Sonderfertigung nach Beginn der Herstellungsarbeiten von 50% der Auftragssumme zu verlangen. Anlagenteile, Produkte oder Zubeh\u00f6re, die kundenindividuell gefertigt werden sind von der Stornierung ausgeschlossen und werden in voller H\u00f6he in Rechnung gestellt.<\/p>\n<p>Juni 2023<\/p>\n\t\t<\/div>\n\t\t\t\t\t<\/div>\n\n\t\n<\/div>\n\t\t<\/div>\n\n\t\t\n<style>\n#section_332514001 {\n  padding-top: 30px;\n  padding-bottom: 30px;\n}\n<\/style>\n\t<\/section>","protected":false},"excerpt":{"rendered":"","protected":false},"author":2,"featured_media":0,"parent":0,"menu_order":0,"comment_status":"closed","ping_status":"closed","template":"","meta":{"footnotes":""},"class_list":["post-1532","page","type-page","status-publish","hentry"],"_links":{"self":[{"href":"https:\/\/shufani.de\/en\/wp-json\/wp\/v2\/pages\/1532","targetHints":{"allow":["GET"]}}],"collection":[{"href":"https:\/\/shufani.de\/en\/wp-json\/wp\/v2\/pages"}],"about":[{"href":"https:\/\/shufani.de\/en\/wp-json\/wp\/v2\/types\/page"}],"author":[{"embeddable":true,"href":"https:\/\/shufani.de\/en\/wp-json\/wp\/v2\/users\/2"}],"replies":[{"embeddable":true,"href":"https:\/\/shufani.de\/en\/wp-json\/wp\/v2\/comments?post=1532"}],"version-history":[{"count":5,"href":"https:\/\/shufani.de\/en\/wp-json\/wp\/v2\/pages\/1532\/revisions"}],"predecessor-version":[{"id":2082,"href":"https:\/\/shufani.de\/en\/wp-json\/wp\/v2\/pages\/1532\/revisions\/2082"}],"wp:attachment":[{"href":"https:\/\/shufani.de\/en\/wp-json\/wp\/v2\/media?parent=1532"}],"curies":[{"name":"wp","href":"https:\/\/api.w.org\/{rel}","templated":true}]}}