{"id":1451,"date":"2023-05-15T11:50:04","date_gmt":"2023-05-15T09:50:04","guid":{"rendered":"https:\/\/shufani.a108340f.sagross.zone\/?page_id=1451"},"modified":"2023-07-06T10:45:25","modified_gmt":"2023-07-06T08:45:25","slug":"kontakt-service-wartung-maschinenschaden","status":"publish","type":"page","link":"https:\/\/shufani.de\/en\/kontakt\/kontakt-service-wartung-maschinenschaden\/","title":{"rendered":"Kontakt &#8211; Service, Wartung, Maschinenschaden"},"content":{"rendered":"\n\t<section class=\"section page-top-spacer\" id=\"section_1952050842\">\n\t\t<div class=\"section-bg fill\" >\n\t\t\t\t\t\t\t\t\t\n\t\t\t\n\n\t\t<\/div>\n\n\t\t\n\n\t\t<div class=\"section-content relative\">\n\t\t\t\n<div class=\"row\"  id=\"row-441525618\">\n\n\t<div id=\"col-1266795443\" class=\"col small-12 large-12\"  >\n\t\t\t\t<div class=\"col-inner\"  >\n\t\t\t\n\t\t\t\n<h2>Ihr Kontakt f\u00fcr Fragen zu Service, Wartung, Maschinenschaden<\/h2>\n<p>Sie haben Fragen zu Themen des Service, der Wartung oder Maschinensch\u00e4den. Schreiben Sie uns gern \u00fcber folgendes Formular. Wir bearbeiten Ihre Anfrage schnellstm\u00f6glich.<\/p>\n\n<style id=\"wpforms-css-vars-1439\">\n\t\t\t\t#wpforms-1439 {\n\t\t\t\t\n\t\t\t}\n\t\t\t<\/style><div class=\"wpforms-container wpforms-container-full wpforms-render-modern\" id=\"wpforms-1439\"><form id=\"wpforms-form-1439\" class=\"wpforms-validate wpforms-form wpforms-ajax-form\" data-formid=\"1439\" method=\"post\" enctype=\"multipart\/form-data\" action=\"\/en\/wp-json\/wp\/v2\/pages\/1451\" data-token=\"2bc2c48443d186ed2e49d23696d15832\" data-token-time=\"1776166163\"><noscript class=\"wpforms-error-noscript\">Please enable JavaScript in your browser to complete this form.<\/noscript><div id=\"wpforms-error-noscript\" style=\"display: none;\">Please enable JavaScript in your browser to complete this form.<\/div><div class=\"wpforms-field-container\"><div id=\"wpforms-1439-field_1-container\" class=\"wpforms-field wpforms-field-name\" data-field-id=\"1\"><fieldset><legend class=\"wpforms-field-label\">Name <span class=\"wpforms-required-label\" aria-hidden=\"true\">*<\/span><\/legend><div class=\"wpforms-field-row wpforms-field-large\"><div class=\"wpforms-field-row-block wpforms-first wpforms-one-half\"><input type=\"text\" id=\"wpforms-1439-field_1\" class=\"wpforms-field-name-first wpforms-field-required\" name=\"wpforms[fields][1][first]\" aria-errormessage=\"wpforms-1439-field_1-error\" required><label for=\"wpforms-1439-field_1\" class=\"wpforms-field-sublabel after\">First<\/label><\/div><div class=\"wpforms-field-row-block wpforms-one-half\"><input type=\"text\" id=\"wpforms-1439-field_1-last\" class=\"wpforms-field-name-last wpforms-field-required\" name=\"wpforms[fields][1][last]\" aria-errormessage=\"wpforms-1439-field_1-last-error\" required><label for=\"wpforms-1439-field_1-last\" class=\"wpforms-field-sublabel after\">Last<\/label><\/div><\/div><\/fieldset><\/div><div id=\"wpforms-1439-field_2-container\" class=\"wpforms-field wpforms-field-email\" data-field-id=\"2\"><label class=\"wpforms-field-label\" for=\"wpforms-1439-field_2\">E-Mail <span class=\"wpforms-required-label\" aria-hidden=\"true\">*<\/span><\/label><input type=\"email\" id=\"wpforms-1439-field_2\" class=\"wpforms-field-large wpforms-field-required\" name=\"wpforms[fields][2]\" spellcheck=\"false\" aria-errormessage=\"wpforms-1439-field_2-error\" required><\/div><div id=\"wpforms-1439-field_6-container\" class=\"wpforms-field wpforms-field-text wpforms-one-half wpforms-first\" data-field-id=\"6\"><label class=\"wpforms-field-label\" for=\"wpforms-1439-field_6\">Telefonnummer <span class=\"wpforms-required-label\" aria-hidden=\"true\">*<\/span><\/label><input type=\"text\" id=\"wpforms-1439-field_6\" class=\"wpforms-field-large wpforms-field-required\" name=\"wpforms[fields][6]\" aria-errormessage=\"wpforms-1439-field_6-error\" required><\/div><div id=\"wpforms-1439-field_7-container\" class=\"wpforms-field wpforms-field-text wpforms-one-half\" data-field-id=\"7\"><label class=\"wpforms-field-label\" for=\"wpforms-1439-field_7\">Firmenhomepage <span class=\"wpforms-required-label\" aria-hidden=\"true\">*<\/span><\/label><input type=\"text\" id=\"wpforms-1439-field_7\" class=\"wpforms-field-large wpforms-field-required\" name=\"wpforms[fields][7]\" aria-errormessage=\"wpforms-1439-field_7-error\" required><\/div><div id=\"wpforms-1439-field_3-container\" class=\"wpforms-field wpforms-field-textarea\" data-field-id=\"3\"><label class=\"wpforms-field-label\" for=\"wpforms-1439-field_3\">Ihre Nachricht<\/label><textarea id=\"wpforms-1439-field_3\" class=\"wpforms-field-large\" name=\"wpforms[fields][3]\" aria-errormessage=\"wpforms-1439-field_3-error\" ><\/textarea><\/div>\t\t<div id=\"wpforms-1439-field_4-container\"\n\t\t\tclass=\"wpforms-field wpforms-field-text\"\n\t\t\tdata-field-type=\"text\"\n\t\t\tdata-field-id=\"4\"\n\t\t\t>\n\t\t\t<label class=\"wpforms-field-label\" for=\"wpforms-1439-field_4\" >Firmenhomepage Telefonnummer Zustimmung<\/label>\n\t\t\t<input type=\"text\" id=\"wpforms-1439-field_4\" class=\"wpforms-field-medium\" name=\"wpforms[fields][4]\" >\n\t\t<\/div>\n\t\t<div id=\"wpforms-1439-field_5-container\" class=\"wpforms-field wpforms-field-checkbox\" data-field-id=\"5\"><fieldset><legend class=\"wpforms-field-label\">Zustimmung erforderlich <span class=\"wpforms-required-label\" aria-hidden=\"true\">*<\/span><\/legend><ul id=\"wpforms-1439-field_5\" class=\"wpforms-field-required\"><li class=\"choice-1 depth-1\"><input type=\"checkbox\" id=\"wpforms-1439-field_5_1\" name=\"wpforms[fields][5][]\" value=\"&lt;br&gt;* Ich stimme zu, dass meine Angaben aus dem Kontaktformular zur Beantwortung meiner Anfrage erhoben und verarbeitet werden. Die Daten\u00fcbertragung erfolgt per E-Mail. Die Daten werden in einem E-Mail Postfach verwahrt. Hinweis: Sie k\u00f6nnen Ihre Einwilligung jederzeit f\u00fcr die Zukunft per E-Mail an in&#102;&#111;&#64;&#x73;&#x68;&#x75;&#x66;&#x61;ni&#46;&#100;&#101; widerrufen. Detaillierte Informationen zum Umgang mit Nutzerdaten finden Sie in unserer Datenschutzerkl\u00e4rung.&lt;br&gt;&lt;br&gt;* I agree that my details from the contact form will be collected and processed to answer my request. The data will be transmitted by e-mail. The data will be stored in an e-mail inbox. Note: You can revoke your consent at any time for the future by sending an e-mail to &#x69;&#x6e;&#102;o&#x40;&#x73;&#104;&#117;f&#x61;&#x6e;&#105;&#46;d&#x65;. Detailed information on the handling of user data can be found in our privacy policy.\" aria-errormessage=\"wpforms-1439-field_5_1-error\" required ><label class=\"wpforms-field-label-inline\" for=\"wpforms-1439-field_5_1\"><br>* Ich stimme zu, dass meine Angaben aus dem Kontaktformular zur Beantwortung meiner Anfrage erhoben und verarbeitet werden. Die Daten\u00fcbertragung erfolgt per E-Mail. Die Daten werden in einem E-Mail Postfach verwahrt. Hinweis: Sie k\u00f6nnen Ihre Einwilligung jederzeit f\u00fcr die Zukunft per E-Mail an &#105;&#x6e;&#x66;o&#64;&#x73;&#x68;u&#102;&#x61;n&#105;&#x2e;&#x64;e widerrufen. Detaillierte Informationen zum Umgang mit Nutzerdaten finden Sie in unserer Datenschutzerkl\u00e4rung.<br><br>* I agree that my details from the contact form will be collected and processed to answer my request. The data will be transmitted by e-mail. The data will be stored in an e-mail inbox. Note: You can revoke your consent at any time for the future by sending an e-mail to &#105;&#x6e;f&#x6f;&#x40;&#115;&#x68;u&#x66;&#x61;&#110;&#x69;&#46;&#x64;&#x65;. Detailed information on the handling of user data can be found in our privacy policy.<\/label><\/li><\/ul><\/fieldset><\/div><script>\n\t\t\t\t( function() {\n\t\t\t\t\tconst style = document.createElement( 'style' );\n\t\t\t\t\tstyle.appendChild( document.createTextNode( '#wpforms-1439-field_4-container { position: absolute !important; overflow: hidden !important; display: inline !important; height: 1px !important; width: 1px !important; z-index: -1000 !important; padding: 0 !important; } #wpforms-1439-field_4-container input { visibility: hidden; } #wpforms-conversational-form-page #wpforms-1439-field_4-container label { counter-increment: none; }' ) );\n\t\t\t\t\tdocument.head.appendChild( style );\n\t\t\t\t\tdocument.currentScript?.remove();\n\t\t\t\t} )();\n\t\t\t<\/script><\/div><!-- .wpforms-field-container --><div class=\"wpforms-submit-container\" ><input type=\"hidden\" name=\"wpforms[id]\" value=\"1439\"><input type=\"hidden\" name=\"page_title\" value=\"\"><input type=\"hidden\" name=\"page_url\" value=\"https:\/\/shufani.de\/en\/wp-json\/wp\/v2\/pages\/1451\"><input type=\"hidden\" name=\"url_referer\" value=\"\"><button type=\"submit\" name=\"wpforms[submit]\" id=\"wpforms-submit-1439\" class=\"wpforms-submit\" data-alt-text=\"Senden\u2026\" data-submit-text=\"Absenden\" aria-live=\"assertive\" value=\"wpforms-submit\">Absenden<\/button><img loading=\"lazy\" decoding=\"async\" src=\"https:\/\/shufani.de\/wp-content\/plugins\/wpforms-lite\/assets\/images\/submit-spin.svg\" class=\"wpforms-submit-spinner\" style=\"display: none;\" width=\"26\" height=\"26\" alt=\"Loading\"><\/div><\/form><\/div>  <!-- .wpforms-container -->\n\n\t\t<\/div>\n\t\t\t\t\t<\/div>\n\n\t\n<\/div>\n\n\t<section class=\"section\" id=\"section_1258408817\">\n\t\t<div class=\"section-bg fill\" >\n\t\t\t\t\t\t\t\t\t\n\t\t\t\n\n\t\t<\/div>\n\n\t\t\n\n\t\t<div class=\"section-content relative\">\n\t\t\t\n\n<div class=\"row row-full-width align-center teamviewer-row\"  id=\"row-1494010018\">\n\n\n\t<div id=\"col-59819043\" class=\"col medium-8 small-12 large-8\"  >\n\t\t\t\t<div class=\"col-inner\"  >\n\t\t\t\n\t\t\t\n\n\t<div id=\"text-3956169773\" class=\"text\">\n\t\t\n\n<p><span class=\"\"><strong>Support:<\/strong> Sollte, <b class=\"\">nach Absprache mit unseren Technikern<\/b>, Fernzugriff auf Ihre Anlage notwendig sein, folgen Sie bitte dem Link, um die Verbindung mittels TeamviewerQS herunterzuladen und aufzubauen.<\/span><\/p>\n\t\t\n<style>\n#text-3956169773 {\n  text-align: left;\n}\n<\/style>\n\t<\/div>\n\t\n\n\t\t<\/div>\n\t\t\t\t\t<\/div>\n\n\t\n\n\t<div id=\"col-1389264047\" class=\"col medium-4 small-12 large-4\"  >\n\t\t\t\t<div class=\"col-inner\"  >\n\t\t\t\n\t\t\t\n\n<a href=\"https:\/\/get.teamviewer.com\/shufani\" target=\"_blank\" class=\"button primary lowercase expand\" rel=\"noopener\" >\n\t\t<span>Support Link<\/span>\n\t<\/a>\n\n\n\n\t\t<\/div>\n\t\t\t\t\t<\/div>\n\n\t\n\n\n<style>\n#row-1494010018 > .col > .col-inner {\n  padding: 33px 0px 5px 0px;\n}\n<\/style>\n<\/div>\n\n\t\t<\/div>\n\n\t\t\n<style>\n#section_1258408817 {\n  padding-top: 0px;\n  padding-bottom: 0px;\n}\n<\/style>\n\t<\/section>\n\t\n\t\t<\/div>\n\n\t\t\n<style>\n#section_1952050842 {\n  padding-top: 30px;\n  padding-bottom: 30px;\n}\n<\/style>\n\t<\/section>\n\t\n","protected":false},"excerpt":{"rendered":"","protected":false},"author":2,"featured_media":0,"parent":1425,"menu_order":0,"comment_status":"closed","ping_status":"closed","template":"","meta":{"footnotes":""},"class_list":["post-1451","page","type-page","status-publish","hentry"],"_links":{"self":[{"href":"https:\/\/shufani.de\/en\/wp-json\/wp\/v2\/pages\/1451","targetHints":{"allow":["GET"]}}],"collection":[{"href":"https:\/\/shufani.de\/en\/wp-json\/wp\/v2\/pages"}],"about":[{"href":"https:\/\/shufani.de\/en\/wp-json\/wp\/v2\/types\/page"}],"author":[{"embeddable":true,"href":"https:\/\/shufani.de\/en\/wp-json\/wp\/v2\/users\/2"}],"replies":[{"embeddable":true,"href":"https:\/\/shufani.de\/en\/wp-json\/wp\/v2\/comments?post=1451"}],"version-history":[{"count":8,"href":"https:\/\/shufani.de\/en\/wp-json\/wp\/v2\/pages\/1451\/revisions"}],"predecessor-version":[{"id":2246,"href":"https:\/\/shufani.de\/en\/wp-json\/wp\/v2\/pages\/1451\/revisions\/2246"}],"up":[{"embeddable":true,"href":"https:\/\/shufani.de\/en\/wp-json\/wp\/v2\/pages\/1425"}],"wp:attachment":[{"href":"https:\/\/shufani.de\/en\/wp-json\/wp\/v2\/media?parent=1451"}],"curies":[{"name":"wp","href":"https:\/\/api.w.org\/{rel}","templated":true}]}}