{"id":1337,"date":"2023-05-12T13:11:30","date_gmt":"2023-05-12T11:11:30","guid":{"rendered":"https:\/\/shufani.a108340f.sagross.zone\/?page_id=1337"},"modified":"2023-07-06T09:44:12","modified_gmt":"2023-07-06T07:44:12","slug":"branchen-markt-fuer-unsere-produkte","status":"publish","type":"page","link":"https:\/\/shufani.de\/en\/ueber-uns\/branchen-markt-fuer-unsere-produkte\/","title":{"rendered":"Branchen \u2013 Markt f\u00fcr unsere Produkte"},"content":{"rendered":"\n\t<section class=\"section page-top-spacer\" id=\"section_127394748\">\n\t\t<div class=\"section-bg fill\" >\n\t\t\t\t\t\t\t\t\t\n\t\t\t\n\n\t\t<\/div>\n\n\t\t\n\n\t\t<div class=\"section-content relative\">\n\t\t\t\n\n<div class=\"row align-middle\"  id=\"row-1476219511\">\n\n\n\t<div id=\"col-845741229\" class=\"col medium-4 small-12 large-4\"  >\n\t\t\t\t<div class=\"col-inner\"  >\n\t\t\t\n\t\t\t\n\n\n  <div class=\"banner has-hover\" id=\"banner-1863916716\">\n          <div class=\"banner-inner fill\">\n        <div class=\"banner-bg fill\" >\n            <img loading=\"lazy\" decoding=\"async\" width=\"1400\" height=\"840\" src=\"https:\/\/shufani.de\/wp-content\/uploads\/2023\/05\/Branchen.jpg\" class=\"bg attachment-original size-original\" alt=\"\" \/>                                    \n                    <\/div>\n\t\t\n        <div class=\"banner-layers container\">\n            <div class=\"fill banner-link\"><\/div>            \n\n\n        <\/div>\n      <\/div>\n\n            \n<style>\n#banner-1863916716 {\n  padding-top: 99.99%;\n  background-color: rgb(255,255,255);\n}\n#banner-1863916716 .banner-bg img {\n  object-position: 51% 48%;\n}\n<\/style>\n  <\/div>\n\n\n\n\t\t<\/div>\n\t\t\t\t\t<\/div>\n\n\t\n\n\t<div id=\"col-1903589243\" class=\"col medium-8 small-12 large-6\"  >\n\t\t\t\t<div class=\"col-inner\"  >\n\t\t\t\n\t\t\t\n\n<h1>Branchen \u2013<br \/>Markt f\u00fcr unsere Produkte<\/h1>\n<p>Industrielles Klebeband wird in einer Vielzahl von Anwendungen eingesetzt, um<br \/>Gegenst\u00e4nde zusammenzuhalten oder zu befestigen. Es gibt eine breite Palette von industriellen Klebeb\u00e4ndern mit unterschiedlichen Eigenschaften, um den spezifischen Anforderungen verschiedener Anwendungen gerecht zu werden.<\/p>\n\n\t\t<\/div>\n\t\t\t\t\t<\/div>\n\n\t\n\n<\/div>\n<div class=\"row\"  id=\"row-1106353520\">\n\n\n\t<div id=\"col-1204193821\" class=\"col small-12 large-12\"  >\n\t\t\t\t<div class=\"col-inner\"  >\n\t\t\t\n\t\t\t\n\n\t<div id=\"gap-787885977\" class=\"gap-element clearfix\" style=\"display:block; height:auto;\">\n\t\t\n<style>\n#gap-787885977 {\n  padding-top: 0px;\n}\n@media (min-width:550px) {\n  #gap-787885977 {\n    padding-top: 40px;\n  }\n}\n<\/style>\n\t<\/div>\n\t\n\n<h2>Was ist Industrielles Klebeband<\/h2>\n\n\t\t<\/div>\n\t\t\t\t\t<\/div>\n\n\t\n\n<\/div>\n<div class=\"row align-equal\"  id=\"row-1416426403\">\n\n\n\t<div id=\"col-1145685238\" class=\"col medium-8 small-12 large-8\"  >\n\t\t\t\t<div class=\"col-inner\"  >\n\t\t\t\n\t\t\t\n\n<p>Klebeband z\u00e4hlt zu den spannendsten <strong>Verbindungstechniken<\/strong> der Zukunft und findet nahezu in jeder Branche Anwendung.<\/p>\n<p>Hierbei werden <strong>Klebstoffe<\/strong> auf ein <strong>Tr\u00e4germaterial<\/strong> aufgebracht und dann je nach Anwendung weiterverarbeitet. Durch die Verbindung unterschiedlicher Materialien k\u00f6nnen dem Klebeband bestimmte <strong>Eigenschaften hinzugef\u00fcgt<\/strong> werden, wie z.B. Schutz vor Umwelteinfl\u00fcssen, Kratzern, Vibration aber auch Isolation vor W\u00e4rme, N\u00e4sse, Elektrizit\u00e4t. \u00a0<\/p>\n<p>Prinzipiell k\u00f6nnen heutzutage fast alle<strong> Materialien selbstklebend ausger\u00fcstet<\/strong> werden und auf die gebrauchte Form gebracht werden. Somit dient Klebeband nicht nur dem reinen Zusammenf\u00fcgen von <strong>Einzelteilen<\/strong> und <strong>Baugruppen<\/strong>, sondern l\u00f6st komplexe Probleme in der<strong> Fertigungs-, Montage- <\/strong>und<strong> Befestigungstechnik<\/strong> und durch <strong>funktionelle Folien<\/strong> k\u00f6nnen <strong>Oberfl\u00e4chen<\/strong> perfekt gesch\u00fctzt werden.<\/p>\n<p>Klebeband und entsprechende <strong>Formstanzteile<\/strong> bieten besonders in <strong>puncto Gewicht, Genauigkeit, Geschwindigkeit, Platzersparnis, Optik, Sicherheit, Erg\u00e4nzung von Eigenschaften <\/strong>und<strong> Prozessoptimierung<\/strong> viele Vorteile gegen\u00fcber gew\u00f6hnlichen mechanischen Verbindungstechniken wie Schrauben, Nieten, N\u00e4gel u.\u00e4.<\/p>\n\n\t\t<\/div>\n\t\t\t\t\t<\/div>\n\n\t\n\n\t<div id=\"col-652351121\" class=\"col medium-4 small-12 large-4\"  >\n\t\t\t\t<div class=\"col-inner\" style=\"background-color:rgb(241, 241, 241);\" >\n\t\t\t\n\t\t\t\n\n<p>Gerne beraten wir Sie, ob Klebeband in Ihrem Produktdesign die richtige L\u00f6sung ist, denn je fr\u00fcher die passende Verbindungstechnik im gesamten Fertigungsprozess ber\u00fccksichtigt wird, desto effizienter gestaltet sich die Gesamtl\u00f6sung besonders bei <strong>gr\u00f6\u00dferen St\u00fcckzahlen<\/strong> <strong>oder komplexen Baugruppen<\/strong> bei denen <strong>Toleranzen<\/strong> eine Rolle spielen.<\/p>\n<p>Unsere Losgr\u00f6\u00dfen beginnen bereits bei 1, und wir arbeiten eng mit f\u00fchrenden Klebebandherstellern und Convertern zusammen.\u00a0<\/p>\n<a href=\"\/kontakt\" class=\"button primary is-link\" >\n\t\t<span>Treten Sie mit uns in Kontakt \u27f6<\/span>\n\t<\/a>\n\n\n\n\t\t<\/div>\n\t\t\t\t\n<style>\n#col-652351121 > .col-inner {\n  padding: 20px 20px 20px 20px;\n}\n@media (min-width:550px) {\n  #col-652351121 > .col-inner {\n    padding: 20px 20px 20px 20px;\n  }\n}\n@media (min-width:850px) {\n  #col-652351121 > .col-inner {\n    padding: 40px 40px 40px 40px;\n  }\n}\n<\/style>\n\t<\/div>\n\n\t\n\n<\/div>\n<div class=\"row\"  id=\"row-2005330385\">\n\n\n\t<div id=\"col-1260511293\" class=\"col small-12 large-12\"  >\n\t\t\t\t<div class=\"col-inner\"  >\n\t\t\t\n\t\t\t\n\n<p><strong>Industrielles Klebeband findet man besonders in den folgenden Branchen:<\/strong><\/p>\n\n\n<div class='black' style='background:rgba(0, 0, 0, 0); border:solid 0px rgba(0,0,0,0); border-radius:0px; padding:0px 0px 0px 0px;'>\n<div id='slider_1342' class='owl-carousel sa_owl_theme ' data-slider-id='slider_1342' style='visibility:hidden;'>\n<div id='slider_1342_slide01' class='sa_hover_container' style='padding:10% 10%; margin:0px 5%; background-image:url(&quot;https:\/\/shufani.de\/wp-content\/uploads\/2023\/05\/Branche_Auto.jpg&quot;); background-position:left top; background-size:cover; background-repeat:no-repeat; min-height:300px; '><p>Automotive und Transportwesen<\/p><\/div>\n<div id='slider_1342_slide02' class='sa_hover_container' style='padding:10% 10%; margin:0px 5%; background-image:url(&quot;https:\/\/shufani.de\/wp-content\/uploads\/2023\/05\/Branche_Flug.jpg&quot;); background-position:left top; background-size:cover; background-repeat:no-repeat; min-height:300px; '><p>Luft- und Raumfahrttechnik<\/p><\/div>\n<div id='slider_1342_slide03' class='sa_hover_container' style='padding:10% 10%; margin:0px 5%; background-image:url(&quot;https:\/\/shufani.de\/wp-content\/uploads\/2023\/05\/Branche_Elektronic.jpg&quot;); background-position:left top; background-size:cover; background-repeat:no-repeat; min-height:300px; '><p>Elektronik, Displays und Batterien<\/p><\/div>\n<div id='slider_1342_slide04' class='sa_hover_container' style='padding:10% 10%; margin:0px 5%; background-image:url(&quot;https:\/\/shufani.de\/wp-content\/uploads\/2023\/05\/Branche_Haushalt.jpg&quot;); background-position:left top; background-size:cover; background-repeat:no-repeat; min-height:300px; '><p>Haushaltsger\u00e4te \/ Wei\u00dfe Ware<\/p><\/div>\n<div id='slider_1342_slide05' class='sa_hover_container' style='padding:10% 10%; margin:0px 5%; background-image:url(&quot;https:\/\/shufani.de\/wp-content\/uploads\/2023\/05\/Branche_Gesundheit.jpg&quot;); background-position:left top; background-size:cover; background-repeat:no-repeat; min-height:300px; '><p>Gesundheitswesen, Medizintechnologie, Hygieneartikel<\/p><\/div>\n<div id='slider_1342_slide06' class='sa_hover_container' style='padding:10% 10%; margin:0px 5%; background-image:url(&quot;https:\/\/shufani.de\/wp-content\/uploads\/2023\/05\/Branche_Bau.jpg&quot;); background-position:left top; background-size:cover; background-repeat:no-repeat; min-height:300px; '><p>Bauindustrie<\/p><\/div>\n<div id='slider_1342_slide07' class='sa_hover_container' style='padding:10% 10%; margin:0px 5%; background-image:url(&quot;https:\/\/shufani.de\/wp-content\/uploads\/2023\/05\/Branche-Erneuerbare.jpg&quot;); background-position:left top; background-size:cover; background-repeat:no-repeat; background-color:rgb(241, 241, 241); min-height:300px; '><p>Erneuerbare Energie<\/p><\/div>\n<\/div>\n<\/div>\n<script type='text\/javascript'>\n\tjQuery(document).ready(function() {\n\t\tjQuery('#slider_1342').owlCarousel({\n\t\t\tresponsive:{\n\t\t\t\t0:{ items:1 },\n\t\t\t\t480:{ items:1 },\n\t\t\t\t768:{ items:2 },\n\t\t\t\t980:{ items:5 },\n\t\t\t\t1200:{ items:5 },\n\t\t\t\t1500:{ items:5 }\n\t\t\t},\n\t\t\tautoplay : true,\n\t\t\tautoplayTimeout : 3000,\n\t\t\tautoplayHoverPause : true,\n\t\t\tsmartSpeed : 200,\n\t\t\tfluidSpeed : 200,\n\t\t\tautoplaySpeed : 200,\n\t\t\tnavSpeed : 200,\n\t\t\tdotsSpeed : 200,\n\t\t\tloop : true,\n\t\t\tnav : true,\n\t\t\tnavText : ['Previous','Next'],\n\t\t\tdots : false,\n\t\t\tresponsiveRefreshRate : 200,\n\t\t\tslideBy : 1,\n\t\t\tmergeFit : true,\n\t\t\tautoHeight : false,\n\t\t\tmouseDrag : true,\n\t\t\ttouchDrag : true\n\t\t});\n\t\tjQuery('#slider_1342').css('visibility', 'visible');\n\t\tvar owl_goto = jQuery('#slider_1342');\n\t\tjQuery('.slider_1342_goto1').click(function(event){\n\t\t\towl_goto.trigger('to.owl.carousel', 0);\n\t\t});\n\t\tjQuery('.slider_1342_goto2').click(function(event){\n\t\t\towl_goto.trigger('to.owl.carousel', 1);\n\t\t});\n\t\tjQuery('.slider_1342_goto3').click(function(event){\n\t\t\towl_goto.trigger('to.owl.carousel', 2);\n\t\t});\n\t\tjQuery('.slider_1342_goto4').click(function(event){\n\t\t\towl_goto.trigger('to.owl.carousel', 3);\n\t\t});\n\t\tjQuery('.slider_1342_goto5').click(function(event){\n\t\t\towl_goto.trigger('to.owl.carousel', 4);\n\t\t});\n\t\tjQuery('.slider_1342_goto6').click(function(event){\n\t\t\towl_goto.trigger('to.owl.carousel', 5);\n\t\t});\n\t\tjQuery('.slider_1342_goto7').click(function(event){\n\t\t\towl_goto.trigger('to.owl.carousel', 6);\n\t\t});\n\t\tvar resize_1342 = jQuery('.owl-carousel');\n\t\tresize_1342.on('initialized.owl.carousel', function(e) {\n\t\t\tif (typeof(Event) === 'function') {\n\t\t\t\twindow.dispatchEvent(new Event('resize'));\n\t\t\t} else {\n\t\t\t\tvar evt = window.document.createEvent('UIEvents');\n\t\t\t\tevt.initUIEvent('resize', true, false, window, 0);\n\t\t\t\twindow.dispatchEvent(evt);\n\t\t\t}\n\t\t});\n\t});\n<\/script>\n\n\n\n\t\t<\/div>\n\t\t\t\t\t<\/div>\n\n\t\n\n<\/div>\n\n\t\t<\/div>\n\n\t\t\n<style>\n#section_127394748 {\n  padding-top: 30px;\n  padding-bottom: 30px;\n}\n<\/style>\n\t<\/section>\n\t\n\n\n\t<section class=\"section\" id=\"section_1710991075\">\n\t\t<div class=\"section-bg fill\" >\n\t\t\t\t\t\t\t\t\t\n\t\t\t\n\n\t\t<\/div>\n\n\t\t\n\n\t\t<div class=\"section-content relative\">\n\t\t\t\n\n\t<div id=\"gap-1934159863\" class=\"gap-element clearfix\" style=\"display:block; height:auto;\">\n\t\t\n<style>\n#gap-1934159863 {\n  padding-top: 40px;\n}\n<\/style>\n\t<\/div>\n\t\n\n<div class=\"row\"  id=\"row-118762169\">\n\n\n\t<div id=\"col-469168843\" class=\"col medium-4 small-12 large-4\"  >\n\t\t\t\t<div class=\"col-inner\"  >\n\t\t\t\n\t\t\t\n\n\n  <div class=\"banner has-hover\" id=\"banner-280548710\">\n          <div class=\"banner-inner fill\">\n        <div class=\"banner-bg fill\" >\n            <img loading=\"lazy\" decoding=\"async\" width=\"1000\" height=\"600\" src=\"https:\/\/shufani.de\/wp-content\/uploads\/2023\/05\/Converter03-1.jpg\" class=\"bg attachment-original size-original\" alt=\"\" \/>                                    \n                    <\/div>\n\t\t\n        <div class=\"banner-layers container\">\n            <div class=\"fill banner-link\"><\/div>            \n\n\n        <\/div>\n      <\/div>\n\n            \n<style>\n#banner-280548710 {\n  padding-top: 99.99%;\n  background-color: rgb(255,255,255);\n}\n#banner-280548710 .banner-bg img {\n  object-position: 51% 48%;\n}\n<\/style>\n  <\/div>\n\n\n\n\t\t<\/div>\n\t\t\t\t\t<\/div>\n\n\t\n\n\t<div id=\"col-856478560\" class=\"col medium-8 small-12 large-8\"  >\n\t\t\t\t<div class=\"col-inner\"  >\n\t\t\t\n\t\t\t\n\n<h2>Was ist ein Converter bzw. Converting oder Konfektionieren?<\/h2>\n<p>Klebeband wird in der Regel auf riesigen Beschichtungsanlagen in gro\u00dfen Rollen produziert. Diese sogenannten Jumborollen bzw. Logs werden dann auf eine bestimmte L\u00e4nge <strong>umgerollt<\/strong> oder <strong>umgewickelt<\/strong> und auf die entsprechende Breite <strong>geschnitten<\/strong> oder <strong>abgestochen<\/strong>. So entstehen kleinere Rollen zum besseren weiteren Handling. Diese werden dann auf Plottern, Flachbettstanzen oder rotativ mittels Rotationsstanzen weiter verarbeitet und auf eine bestimmte Form gebracht. Dies kann mittels mechanischen Schneidverfahren, Laser, Ultraschall oder Wasserstrahl passieren.<\/p>\n<p>In der Regel sind rotative Verfahren deutlich schneller und produzieren Rollenware die sich besser in automatisierten Prozessen weiterverarbeiten bzw. am Bauteilen anbringen l\u00e4sst. Au\u00dferdem k\u00f6nnen hierbei neue Materialschichten durch Laminieren und Kaschieren erg\u00e4nzt oder gewechselt werden und das Endprodukt individualisiert und genau auf Ihre Bed\u00fcrfnisse angepasst werden.<\/p>\n<p>Ein Converter verf\u00fcgt \u00fcber einen umfangreichen Maschinenpark, um genau diese Arbeitsschritte professionell f\u00fcr Sie abzuwickeln. Den Prozess an sich nennt man Konfektionieren, wie in der Textilindustrie, bzw. auf Englisch \u201eConverting\u201c.<\/p>\n\n\t\t<\/div>\n\t\t\t\t\t<\/div>\n\n\t\n\n<\/div>\n\n\t\t<\/div>\n\n\t\t\n<style>\n#section_1710991075 {\n  padding-top: 30px;\n  padding-bottom: 30px;\n  background-color: rgb(241, 241, 241);\n}\n<\/style>\n\t<\/section>\n\t\n\t<div id=\"gap-411635059\" class=\"gap-element clearfix\" style=\"display:block; height:auto;\">\n\t\t\n<style>\n#gap-411635059 {\n  padding-top: 60px;\n}\n<\/style>\n\t<\/div>\n\t\n\n\n\t<section class=\"section\" id=\"section_1897795117\">\n\t\t<div class=\"section-bg fill\" >\n\t\t\t\t\t\t\t\t\t\n\t\t\t\n\n\t\t<\/div>\n\n\t\t\n\n\t\t<div class=\"section-content relative\">\n\t\t\t\n\n<div class=\"row\"  id=\"row-169632113\">\n\n\n\t<div id=\"col-2141442937\" class=\"col small-12 large-12\"  >\n\t\t\t\t<div class=\"col-inner\"  >\n\t\t\t\n\t\t\t\n\n<h2>Was ist Automatisierung \/ Automation<\/h2>\n\n\t\t<\/div>\n\t\t\t\t\t<\/div>\n\n\t\n\n<\/div>\n<div class=\"row align-equal\"  id=\"row-1634227968\">\n\n\n\t<div id=\"col-643058609\" class=\"col medium-8 small-12 large-8\"  >\n\t\t\t\t<div class=\"col-inner\"  >\n\t\t\t\n\t\t\t\n\n<p>Im modernen Produktionsumfeld spielt das <strong>Automatisieren von Prozessen und Arbeitsabl\u00e4ufen<\/strong> eine immer wichtigere Rolle. Eine Automatisierungsl\u00f6sung kann sich bereits bei kleineren St\u00fcckzahlen lohnen und ist nicht ausschlie\u00dflich erst bei gr\u00f6\u00dferen Produktionsmengen sinnvoll. Einer der Hauptvorteile liegt in der Prozesssicherheit, die durch Automatisierung erzielt wird. <strong>Eine konstante Produktionsqualit\u00e4t<\/strong>, also eine <strong>Wiederholbarkeit<\/strong>, wird erreicht und dies in der Regel mit einer<strong> h\u00f6heren Effizienz<\/strong> und einem <strong>geringeren Aufwand<\/strong>. So werden Ressourcen freigesetzt und Sie k\u00f6nnen zu einem noch zuverl\u00e4ssigeren Lieferanten werden.<\/p>\n<p>Gerade in Bezug auf die Verarbeitung und das Applizieren von Klebeband und Folien ist viel Erfahrung und Genauigkeit notwendig. Das <strong>Einhalten von Toleranzen<\/strong> und <strong>falten- und blasenfreies Aufbringen<\/strong> an Bauteilen, sowie die entsprechende <strong>Vorbereitung der zu beklebenden Oberfl\u00e4che<\/strong> erfordern zus\u00e4tzliches Know-How \u00fcber die klassische Automatisierungstechnik hinaus. Denn jeder, der schon einmal mit Klebeband gearbeitet hat, wei\u00df wie komplex dieser Werkstoff sein kann. Es bleibt im Prozess h\u00e4ufig nur allzu gerne genau dort kleben, wo es nicht kleben sollte.<\/p>\n<p>Dar\u00fcber hinaus bieten wir Ihnen passende Automatisierungsl\u00f6sungen zum <strong>Verpacken, Sortieren und Stapeln<\/strong>. Das Integrieren von <strong>automatisierten Qualit\u00e4tskontrollen<\/strong>, z.B. <strong>Fehlererkennung, Markieren<\/strong> oder <strong>Um- und Aussortieren<\/strong> z\u00e4hlt ebenfalls zu unseren Dienstleistungen. Im Bereich Montage k\u00f6nnen wir mit modernster <strong>Robotertechnik, Pick &amp; Place<\/strong> Systemen und individuell programmierten <strong>Softwarebausteinen<\/strong> eine <strong>Bauteilerkennung, Entnahme<\/strong> und <strong>Platzierung<\/strong> problemlos f\u00fcr Sie realisieren.<\/p>\n\n\t\t<\/div>\n\t\t\t\t\t<\/div>\n\n\t\n\n\t<div id=\"col-654064862\" class=\"col medium-4 small-12 large-4\"  >\n\t\t\t\t<div class=\"col-inner\" style=\"background-color:rgb(241, 241, 241);\" >\n\t\t\t\n\t\t\t\n\n<p>Wir unterst\u00fctzen und beraten Sie gerne in diesem Bereich.<\/p>\n<p>Gemeinsam mit Ihnen sehen wir uns Ihre Produktionsschritte bis hin zum gesamten Produktionsprozess an, um herauszufinden an welchen Stellen eine Automatisierungsl\u00f6sung sinnvoll und rentabel ist.<\/p>\n<a href=\"\/kontakt\" class=\"button primary is-link\" >\n\t\t<span>Treten Sie mit uns in Kontakt \u27f6<\/span>\n\t<\/a>\n\n\n\n\t\t<\/div>\n\t\t\t\t\n<style>\n#col-654064862 > .col-inner {\n  padding: 20px 20px 20px 20px;\n}\n@media (min-width:550px) {\n  #col-654064862 > .col-inner {\n    padding: 20px 20px 20px 20px;\n  }\n}\n@media (min-width:850px) {\n  #col-654064862 > .col-inner {\n    padding: 40px 40px 40px 40px;\n  }\n}\n<\/style>\n\t<\/div>\n\n\t\n\n<\/div>\n<div class=\"row\"  id=\"row-1654640404\">\n\n\n\t<div id=\"col-946477452\" class=\"col medium-12 small-12 large-8\"  >\n\t\t\t\t<div class=\"col-inner\" style=\"background-color:#009fe3;\" >\n\t\t\t\n\t\t\t\n\n\t<div id=\"text-1229199640\" class=\"text\">\n\t\t\n\n<p><strong>Verwandte Produkte:<\/strong> Die Verarbeitung von Rollwaren findet aber nicht nur mit Klebeb\u00e4ndern statt, sondern auch besonders im Papier- und Printsektor und durch neue Technologien wie Ultraschall- oder Laserschwei\u00dfen bzw. Schneiden auch im Medizin- und Hygienebereich. Zu h\u00e4ufig verarbeitenden Materialien z\u00e4hlen:<\/p>\r\n<ul>\r\n<li><span class=\"bullet-white\"><\/span>Klebeband<\/li>\r\n<li><span class=\"bullet-white\"><\/span>Textilien, Mikrofaser, Vliesstoffe<\/li>\r\n<li><span class=\"bullet-white\"><\/span>Sch\u00e4ume und Dichtstoffe<\/li>\r\n<li><span class=\"bullet-white\"><\/span>Folien<\/li>\r\n<li><span class=\"bullet-white\"><\/span>RFID Sensoranwendungen und Printed Electronics<\/li>\r\n<li><span class=\"bullet-white\"><\/span>Alub\u00e4nder<\/li>\r\n<li><span class=\"bullet-white\"><\/span>Papier und Etiketten<\/li>\r\n<\/ul>\r\n<p>Heutzutage kann eine Vielzahl von Materialien, Werkstoffen und Bauteilen \"selbstklebend\" ausgestattet werden und auf Rolle gewickelt werden.\u00a0\u00a0<\/p>\n\t\t\n<style>\n#text-1229199640 {\n  color: rgb(255,255,255);\n}\n#text-1229199640 > * {\n  color: rgb(255,255,255);\n}\n<\/style>\n\t<\/div>\n\t\n\n\t\t<\/div>\n\t\t\t\t\n<style>\n#col-946477452 > .col-inner {\n  padding: 20px 20px 0px 20px;\n}\n@media (min-width:550px) {\n  #col-946477452 > .col-inner {\n    padding: 40px 40px 20px 40px;\n  }\n}\n<\/style>\n\t<\/div>\n\n\t\n\n<\/div>\n\n\t\t<\/div>\n\n\t\t\n<style>\n#section_1897795117 {\n  padding-top: 30px;\n  padding-bottom: 30px;\n}\n<\/style>\n\t<\/section>\n\t\n\t<div id=\"gap-471730494\" class=\"gap-element clearfix\" style=\"display:block; height:auto;\">\n\t\t\n<style>\n#gap-471730494 {\n  padding-top: 0px;\n}\n@media (min-width:850px) {\n  #gap-471730494 {\n    padding-top: 40px;\n  }\n}\n<\/style>\n\t<\/div>\n\t\n","protected":false},"excerpt":{"rendered":"","protected":false},"author":2,"featured_media":0,"parent":1036,"menu_order":0,"comment_status":"closed","ping_status":"closed","template":"","meta":{"footnotes":""},"class_list":["post-1337","page","type-page","status-publish","hentry"],"_links":{"self":[{"href":"https:\/\/shufani.de\/en\/wp-json\/wp\/v2\/pages\/1337","targetHints":{"allow":["GET"]}}],"collection":[{"href":"https:\/\/shufani.de\/en\/wp-json\/wp\/v2\/pages"}],"about":[{"href":"https:\/\/shufani.de\/en\/wp-json\/wp\/v2\/types\/page"}],"author":[{"embeddable":true,"href":"https:\/\/shufani.de\/en\/wp-json\/wp\/v2\/users\/2"}],"replies":[{"embeddable":true,"href":"https:\/\/shufani.de\/en\/wp-json\/wp\/v2\/comments?post=1337"}],"version-history":[{"count":30,"href":"https:\/\/shufani.de\/en\/wp-json\/wp\/v2\/pages\/1337\/revisions"}],"predecessor-version":[{"id":2208,"href":"https:\/\/shufani.de\/en\/wp-json\/wp\/v2\/pages\/1337\/revisions\/2208"}],"up":[{"embeddable":true,"href":"https:\/\/shufani.de\/en\/wp-json\/wp\/v2\/pages\/1036"}],"wp:attachment":[{"href":"https:\/\/shufani.de\/en\/wp-json\/wp\/v2\/media?parent=1337"}],"curies":[{"name":"wp","href":"https:\/\/api.w.org\/{rel}","templated":true}]}}